{"id":89,"date":"2017-09-20T07:39:48","date_gmt":"2017-09-20T07:39:48","guid":{"rendered":"http:\/\/tonatheme.com\/newwp\/builderhub\/?page_id=89"},"modified":"2019-05-19T23:58:06","modified_gmt":"2019-05-19T23:58:06","slug":"blog","status":"publish","type":"page","link":"https:\/\/a2mi-49.fr\/?page_id=89","title":{"rendered":"Blog"},"content":{"rendered":"<section class=\"kc-elm kc-css-648387 kc_row\"><div class=\"kc-row-container  kc-container\"><div class=\"kc-wrap-columns\"><div class=\"kc-elm kc-css-370996 kc_col-sm-12 kc_column kc_col-sm-12\"><div class=\"kc-col-container\">\r\n\r\n    <!--Blog Section-->\r\n    <section class=\"blog-section blog-page\">\r\n    \t<div class=\"auto-container\">\r\n        \t<div class=\"row clearfix\">\r\n            \t                <!--News Block-->\r\n                <div class=\"news-style-one col-lg-4 col-md-6 col-sm-6 col-xs-12\">\r\n                    <div class=\"inner-box\">\r\n                        <div class=\"image\">\r\n                            <img loading=\"lazy\" decoding=\"async\" width=\"370\" height=\"190\" src=\"https:\/\/a2mi-49.fr\/wp-content\/uploads\/2019\/08\/Visite-entreprises-2019-370x190.jpg\" class=\"img-responsive wp-post-image\" alt=\"\" \/>                            <a href=\"https:\/\/a2mi-49.fr\/?p=1387\" class=\"overlay-link\"><\/a>\r\n                            <div class=\"post-date\">02\/08\/2019<\/div>\r\n                        <\/div>\r\n                        <div class=\"lower-box\">\r\n                            <h3><a href=\"https:\/\/a2mi-49.fr\/?p=1387\">VISITEZ A2MI<\/a><\/h3>\r\n                            <div class=\"text\">Comme \u00e0 chaque \u00e9dition des Journ\u00e9es R\u00e9gionales de la Visite d'Entreprise, A2MI ouvre ses portes, pour permettre \u00e0 un plus\u2026<\/div>\r\n                            <a href=\"https:\/\/a2mi-49.fr\/?p=1387\" class=\"read-more\">En savoir plus<\/a>\r\n                        <\/div>\r\n                    <\/div>\r\n                <\/div>\r\n                                <!--News Block-->\r\n                <div class=\"news-style-one col-lg-4 col-md-6 col-sm-6 col-xs-12\">\r\n                    <div class=\"inner-box\">\r\n                        <div class=\"image\">\r\n                            <img loading=\"lazy\" decoding=\"async\" width=\"247\" height=\"190\" src=\"https:\/\/a2mi-49.fr\/wp-content\/uploads\/2019\/06\/Segr\u00e93-versionC.png\" class=\"img-responsive wp-post-image\" alt=\"\" \/>                            <a href=\"https:\/\/a2mi-49.fr\/?p=1355\" class=\"overlay-link\"><\/a>\r\n                            <div class=\"post-date\">06\/06\/2019<\/div>\r\n                        <\/div>\r\n                        <div class=\"lower-box\">\r\n                            <h3><a href=\"https:\/\/a2mi-49.fr\/?p=1355\">Le dirigeant d&rsquo;A2MI r\u00e9compens\u00e9<\/a><\/h3>\r\n                            <div class=\"text\">La Chambre de m\u00e9tiers et de l'artisanat a r\u00e9compens\u00e9 notre dirigeant pour son savoir-faire, son audace et ses innovations technologiques.\u2026<\/div>\r\n                            <a href=\"https:\/\/a2mi-49.fr\/?p=1355\" class=\"read-more\">En savoir plus<\/a>\r\n                        <\/div>\r\n                    <\/div>\r\n                <\/div>\r\n                                <!--News Block-->\r\n                <div class=\"news-style-one col-lg-4 col-md-6 col-sm-6 col-xs-12\">\r\n                    <div class=\"inner-box\">\r\n                        <div class=\"image\">\r\n                            <img loading=\"lazy\" decoding=\"async\" width=\"370\" height=\"190\" src=\"https:\/\/a2mi-49.fr\/wp-content\/uploads\/2019\/05\/Rugby-Segr\u00e9-Article-Haut-Anjou-le-26-avril-2019-370x190.jpg\" class=\"img-responsive wp-post-image\" alt=\"\" \/>                            <a href=\"https:\/\/a2mi-49.fr\/?p=1129\" class=\"overlay-link\"><\/a>\r\n                            <div class=\"post-date\">02\/05\/2019<\/div>\r\n                        <\/div>\r\n                        <div class=\"lower-box\">\r\n                            <h3><a href=\"https:\/\/a2mi-49.fr\/?p=1129\">A2MI et le rugby<\/a><\/h3>\r\n                            <div class=\"text\">A2MI a livr\u00e9 au club de rugby segr\u00e9en un joug d'entrainement (voir article du Haut-Anjou du 26 avril 2019)<\/div>\r\n                            <a href=\"https:\/\/a2mi-49.fr\/?p=1129\" class=\"read-more\">En savoir plus<\/a>\r\n                        <\/div>\r\n                    <\/div>\r\n                <\/div>\r\n                                <!--News Block-->\r\n                <div class=\"news-style-one col-lg-4 col-md-6 col-sm-6 col-xs-12\">\r\n                    <div class=\"inner-box\">\r\n                        <div class=\"image\">\r\n                            <img loading=\"lazy\" decoding=\"async\" width=\"370\" height=\"190\" src=\"https:\/\/a2mi-49.fr\/wp-content\/uploads\/2019\/05\/Mine-de-fer-de-Segr\u00e9-370x190.jpg\" class=\"img-responsive wp-post-image\" alt=\"\" \/>                            <a href=\"https:\/\/a2mi-49.fr\/?p=1060\" class=\"overlay-link\"><\/a>\r\n                            <div class=\"post-date\">11\/04\/2019<\/div>\r\n                        <\/div>\r\n                        <div class=\"lower-box\">\r\n                            <h3><a href=\"https:\/\/a2mi-49.fr\/?p=1060\">Association mine de fer de Segr\u00e9<\/a><\/h3>\r\n                            <div class=\"text\">Tous les ans, A2MI participe financi\u00e8rement \u00e0 la restauration et la conservation du patrimoine du Segr\u00e9en, par l'interm\u00e9diaire d'un don\u2026<\/div>\r\n                            <a href=\"https:\/\/a2mi-49.fr\/?p=1060\" class=\"read-more\">En savoir plus<\/a>\r\n                        <\/div>\r\n                    <\/div>\r\n                <\/div>\r\n                            <\/div>\r\n            \r\n            <!--Styled Pagination-->\r\n            <div class=\"styled-pagination text-center\">\r\n                            <\/div>\r\n            <!--End Styled Pagination-->\r\n            \r\n        <\/div>\r\n    <\/section>\r\n    <!--End Blog Section-->\r\n    \r\n\r\n<\/div><\/div><\/div><\/div><\/section>\n","protected":false},"excerpt":{"rendered":"","protected":false},"author":1,"featured_media":0,"parent":0,"menu_order":0,"comment_status":"closed","ping_status":"closed","template":"tpl-king_composer.php","meta":{"_exactmetrics_skip_tracking":false,"_exactmetrics_sitenote_active":false,"_exactmetrics_sitenote_note":"","_exactmetrics_sitenote_category":0,"footnotes":""},"_links":{"self":[{"href":"https:\/\/a2mi-49.fr\/index.php?rest_route=\/wp\/v2\/pages\/89"}],"collection":[{"href":"https:\/\/a2mi-49.fr\/index.php?rest_route=\/wp\/v2\/pages"}],"about":[{"href":"https:\/\/a2mi-49.fr\/index.php?rest_route=\/wp\/v2\/types\/page"}],"author":[{"embeddable":true,"href":"https:\/\/a2mi-49.fr\/index.php?rest_route=\/wp\/v2\/users\/1"}],"replies":[{"embeddable":true,"href":"https:\/\/a2mi-49.fr\/index.php?rest_route=%2Fwp%2Fv2%2Fcomments&post=89"}],"version-history":[{"count":3,"href":"https:\/\/a2mi-49.fr\/index.php?rest_route=\/wp\/v2\/pages\/89\/revisions"}],"predecessor-version":[{"id":1189,"href":"https:\/\/a2mi-49.fr\/index.php?rest_route=\/wp\/v2\/pages\/89\/revisions\/1189"}],"wp:attachment":[{"href":"https:\/\/a2mi-49.fr\/index.php?rest_route=%2Fwp%2Fv2%2Fmedia&parent=89"}],"curies":[{"name":"wp","href":"https:\/\/api.w.org\/{rel}","templated":true}]}}