{"id":700,"date":"2019-01-31T04:36:06","date_gmt":"2019-01-31T04:36:06","guid":{"rendered":"https:\/\/a2mi-49.fr\/?page_id=700"},"modified":"2020-10-28T20:09:18","modified_gmt":"2020-10-28T20:09:18","slug":"conception-et-fabrication-de-machines-industrielles","status":"publish","type":"page","link":"https:\/\/a2mi-49.fr\/?page_id=700","title":{"rendered":"Conception et fabrication de machines sp\u00e9ciales"},"content":{"rendered":"<section class=\"kc-elm kc-css-174862 kc_row\"><div class=\"kc-row-container  kc-container\"><div class=\"kc-wrap-columns\"><div class=\"kc-elm kc-css-537638 kc_col-sm-12 kc_column kc_col-sm-12\"><div class=\"kc-col-container\"><div class=\"kc-elm kc-css-933322\" style=\"height: 20px; clear: both; width:100%;\"><\/div><div class=\"kc-elm kc-css-84523 kc-animated kc-animate-eff-fadeInDown kc_text_block\"><\/p>\n<p style=\"text-align: center;\">Conception et fabrication de machines industrielles<\/p>\n<p>\n<\/div>\r\n<!--Welcome Section-->\r\n<section class=\"welcome-section\">\r\n\t<div class=\"auto-container\">\r\n\t\r\n\t\t\t\t\t\r\n\t\t\t\t\t\t\t<!--Sec Title-->\r\n\t\t\t\t<div class=\"sec-title centered\">\r\n\t\t\t\t\t<h2>Conception et fabrication de machines industrielles<\/h2>\r\n\t\t\t\t<\/div>\r\n\t\t\t\r\n\t\t\t<div class=\"row clearfix\">\r\n\t\t\t\t\t\r\n\t\t\t\t\r\n\t\t\t\t\t<!--Services Block Two-->\r\n\t\t\t\t\t<div class=\"services-block-two col-md-4 col-sm-6 col-xs-12\">\r\n\t\t\t\t\t\t<div class=\"inner-box\">\r\n\t\t\t\t\t\t\t<div class=\"image\">\r\n\t\t\t\t\t\t\t\t<a href=\"\">\r\n\t\t\t\t\t\t\t\t\t<img loading=\"lazy\" decoding=\"async\" width=\"370\" height=\"205\" src=\"https:\/\/a2mi-49.fr\/wp-content\/uploads\/2019\/04\/CAM03257-370x205.jpg\" class=\"img-responsive wp-post-image\" alt=\"\" srcset=\"https:\/\/a2mi-49.fr\/wp-content\/uploads\/2019\/04\/CAM03257-370x205.jpg 370w, https:\/\/a2mi-49.fr\/wp-content\/uploads\/2019\/04\/CAM03257-660x365.jpg 660w\" sizes=\"(max-width: 370px) 100vw, 370px\" \/>\t\t\t\t\t\t\t\t<\/a>\r\n\t\t\t\t\t\t\t\t<div class=\"icon-box\"><span class=\"icon flaticon-ruler\"><\/span><\/div>\r\n\t\t\t\t\t\t\t<\/div>\r\n\t\t\t\t\t\t\t<div class=\"lower-content\">\r\n\t\t\t\t\t\t\t\t<h3><a href=\"\">Machines sp\u00e9ciales<\/a><\/h3>\r\n\t\t\t\t\t\t\t\t<div class=\"text\">BTP, agroalimentaire, automobile\u2026 Nos machines sp\u00e9ciales dans tous les domaines.<\/div>\r\n\t\t\t\t\t\t\t<\/div>\r\n\t\t\t\t\t\t<\/div>\r\n\t\t\t\t\t<\/div>\r\n\t\t\t\t\t\r\n\t\t\t\t\r\n\t\t\t<\/div>\r\n\t\t\t\r\n\t\t\t\t\r\n\t\t\r\n\t\t<!--Services List-->\r\n\t\t<section class=\"services-list-section\">\r\n\t\t\t<div class=\"row clearfix\">\r\n\t\t\t\r\n\t\t\t\t\r\n\t\t\t<\/div>\r\n\t\t<\/section>\r\n\t\t<!--Services List-->\r\n\r\n\t<\/div>\r\n<\/section>\r\n<!--End Welcome Section--><div class=\"kc-elm kc-css-83358 kc-animated kc-animate-eff-fadeIn kc-animate-speed-3s\">\n\t<div class=\"kc-carousel_images kc-elm kc-css-83358 kc-animated kc-animate-eff-fadeIn kc-animate-speed-3s\">\n\t\n\t\t<div class=\"kc-carousel-images owl-carousel-images kc-sync1  owl-nav-round\" data-owl-i-options='{\"items\":\"3\",\"tablet\":\"1\",\"mobile\":\"1\",\"speed\":\"500\",\"navigation\":\"yes\",\"pagination\":\"yes\",\"autoheight\":\"\",\"progressbar\":\"\",\"delay\":\"5\",\"autoplay\":\"yes\",\"showthumb\":\"\",\"num_thumb\":\"5\"}'>\n\t\n\t\t\t\t\t<div class=\"item\">\n\t\n\t\t\t<a class=\"kc-image-link kc-pretty-photo\" data-lightbox=\"kc-lightbox\" rel=\"prettyPhoto[83358]\" href=\"https:\/\/a2mi-49.fr\/wp-content\/uploads\/2019\/04\/2011-Qualicosm\u00e9tics-Montage-Prada.jpg\"><img decoding=\"async\" src=\"https:\/\/a2mi-49.fr\/wp-content\/uploads\/2019\/04\/2011-Qualicosm\u00e9tics-Montage-Prada.jpg\" alt=\"\" \/><\/a>\t\n\t\t\t<\/div>\n\t\n\t\t\t\t\t<div class=\"item\">\n\t\n\t\t\t<a class=\"kc-image-link kc-pretty-photo\" data-lightbox=\"kc-lightbox\" rel=\"prettyPhoto[83358]\" href=\"https:\/\/a2mi-49.fr\/wp-content\/uploads\/2019\/04\/2011-convoyeur-pologne-004.jpg\"><img decoding=\"async\" src=\"https:\/\/a2mi-49.fr\/wp-content\/uploads\/2019\/04\/2011-convoyeur-pologne-004.jpg\" alt=\"\" \/><\/a>\t\n\t\t\t<\/div>\n\t\n\t\t\t\t\t<div class=\"item\">\n\t\n\t\t\t<a class=\"kc-image-link kc-pretty-photo\" data-lightbox=\"kc-lightbox\" rel=\"prettyPhoto[83358]\" href=\"https:\/\/a2mi-49.fr\/wp-content\/uploads\/2019\/04\/QUA-1602-ILOT-ONE-MILLION.jpg\"><img decoding=\"async\" src=\"https:\/\/a2mi-49.fr\/wp-content\/uploads\/2019\/04\/QUA-1602-ILOT-ONE-MILLION.jpg\" alt=\"\" \/><\/a>\t\n\t\t\t<\/div>\n\t\n\t\t\t\t\t<div class=\"item\">\n\t\n\t\t\t<a class=\"kc-image-link kc-pretty-photo\" data-lightbox=\"kc-lightbox\" rel=\"prettyPhoto[83358]\" href=\"https:\/\/a2mi-49.fr\/wp-content\/uploads\/2019\/04\/20150910_193105.jpg\"><img decoding=\"async\" src=\"https:\/\/a2mi-49.fr\/wp-content\/uploads\/2019\/04\/20150910_193105.jpg\" alt=\"\" \/><\/a>\t\n\t\t\t<\/div>\n\t\n\t\t\t\t\t<div class=\"item\">\n\t\n\t\t\t<a class=\"kc-image-link kc-pretty-photo\" data-lightbox=\"kc-lightbox\" rel=\"prettyPhoto[83358]\" href=\"https:\/\/a2mi-49.fr\/wp-content\/uploads\/2019\/03\/01071503-modifi\u00e9.jpg\"><img decoding=\"async\" src=\"https:\/\/a2mi-49.fr\/wp-content\/uploads\/2019\/03\/01071503-modifi\u00e9.jpg\" alt=\"\" \/><\/a>\t\n\t\t\t<\/div>\n\t\n\t\t\t\t\t<div class=\"item\">\n\t\n\t\t\t<a class=\"kc-image-link kc-pretty-photo\" data-lightbox=\"kc-lightbox\" rel=\"prettyPhoto[83358]\" href=\"https:\/\/a2mi-49.fr\/wp-content\/uploads\/2019\/03\/CONVOYEURS-AVEC-COURBE.jpg\"><img decoding=\"async\" src=\"https:\/\/a2mi-49.fr\/wp-content\/uploads\/2019\/03\/CONVOYEURS-AVEC-COURBE.jpg\" alt=\"\" \/><\/a>\t\n\t\t\t<\/div>\n\t\n\t\t\t\t\t<div class=\"item\">\n\t\n\t\t\t<a class=\"kc-image-link kc-pretty-photo\" data-lightbox=\"kc-lightbox\" rel=\"prettyPhoto[83358]\" href=\"https:\/\/a2mi-49.fr\/wp-content\/uploads\/2019\/03\/CAM00721.jpg\"><img decoding=\"async\" src=\"https:\/\/a2mi-49.fr\/wp-content\/uploads\/2019\/03\/CAM00721.jpg\" alt=\"\" \/><\/a>\t\n\t\t\t<\/div>\n\t\n\t\t\t\n\t\t<\/div>\n\t\n\t\t\t<\/div>\n<\/div>\n<div class=\"kc-elm kc-css-69386 kc-animated kc-animate-eff-fadeIn kc_text_block\"><\/p>\n<p style=\"text-align: center;\"><em>Le montage et la maintenance industrielle implique des comp\u00e9tences et des connaissances techniques particuli\u00e8res : Nous nous devons d&rsquo;avoir \u00e0 la fois la rigueur et la souplesse pour satisfaire nos clients.<\/em><\/p>\n<p>\n<\/div><\/div><\/div><\/div><\/div><\/section>\n","protected":false},"excerpt":{"rendered":"","protected":false},"author":1,"featured_media":1537,"parent":0,"menu_order":0,"comment_status":"closed","ping_status":"closed","template":"tpl-king_composer.php","meta":{"_exactmetrics_skip_tracking":false,"_exactmetrics_sitenote_active":false,"_exactmetrics_sitenote_note":"","_exactmetrics_sitenote_category":0,"footnotes":""},"_links":{"self":[{"href":"https:\/\/a2mi-49.fr\/index.php?rest_route=\/wp\/v2\/pages\/700"}],"collection":[{"href":"https:\/\/a2mi-49.fr\/index.php?rest_route=\/wp\/v2\/pages"}],"about":[{"href":"https:\/\/a2mi-49.fr\/index.php?rest_route=\/wp\/v2\/types\/page"}],"author":[{"embeddable":true,"href":"https:\/\/a2mi-49.fr\/index.php?rest_route=\/wp\/v2\/users\/1"}],"replies":[{"embeddable":true,"href":"https:\/\/a2mi-49.fr\/index.php?rest_route=%2Fwp%2Fv2%2Fcomments&post=700"}],"version-history":[{"count":73,"href":"https:\/\/a2mi-49.fr\/index.php?rest_route=\/wp\/v2\/pages\/700\/revisions"}],"predecessor-version":[{"id":1668,"href":"https:\/\/a2mi-49.fr\/index.php?rest_route=\/wp\/v2\/pages\/700\/revisions\/1668"}],"wp:featuredmedia":[{"embeddable":true,"href":"https:\/\/a2mi-49.fr\/index.php?rest_route=\/wp\/v2\/media\/1537"}],"wp:attachment":[{"href":"https:\/\/a2mi-49.fr\/index.php?rest_route=%2Fwp%2Fv2%2Fmedia&parent=700"}],"curies":[{"name":"wp","href":"https:\/\/api.w.org\/{rel}","templated":true}]}}