{"id":1226,"date":"2019-05-23T12:19:55","date_gmt":"2019-05-23T12:19:55","guid":{"rendered":"https:\/\/a2mi-49.fr\/?page_id=1226"},"modified":"2019-05-27T10:17:46","modified_gmt":"2019-05-27T10:17:46","slug":"ets-margot","status":"publish","type":"page","link":"https:\/\/a2mi-49.fr\/?page_id=1226","title":{"rendered":"ETS MARGOT"},"content":{"rendered":"<section class=\"kc-elm kc-css-371245 kc_row\"><div class=\"kc-row-container  kc-container\"><div class=\"kc-wrap-columns\"><div class=\"kc-elm kc-css-272113 kc_column kc_col-sm-12\"><div class=\"kc-col-container\"><div class=\"kc-elm kc-css-961704\" style=\"height: 20px; clear: both; width:100%;\"><\/div><div class=\"kc-elm kc-css-432504 kc_shortcode kc_single_image\">\n\n        <img decoding=\"async\" src=\"https:\/\/a2mi-49.fr\/wp-content\/uploads\/2019\/05\/margot_literies.jpg\" class=\"\" alt=\"\" \/>    <\/div>\n<div class=\"kc-elm kc-css-32688\" style=\"height: 20px; clear: both; width:100%;\"><\/div><div class=\"kc-elm kc-css-973142 kc_text_block\"><\/p>\n<h2>L&rsquo;entreprise Margot nous fait confiance depuis 2002.<\/h2>\n<p>\n<\/div><div class=\"kc-elm kc-css-428559 kc_text_block\"><\/p>\n<blockquote>\n<p>Depuis la cr\u00e9ation de la soci\u00e9t\u00e9 A2MI en 2002, nous avons fait le choix de compter sur cette soci\u00e9t\u00e9 pour la maintenance de nos machines.<\/p>\n<p>Nous n&rsquo;avons jamais regrett\u00e9 ce choix, pour cette entreprise tr\u00e8s s\u00e9rieuse et d&rsquo;une grande r\u00e9activit\u00e9.<\/p>\n<p>En plus de la maintenance, A2MI a toujours \u00e9t\u00e9 force de proposition pour am\u00e9liorer notre outil de production.<\/p>\n<p>Les projets d&rsquo;automatisations et de robotisations de nos diff\u00e9rentes lignes ont \u00e9t\u00e9 g\u00e9r\u00e9s avec beaucoup de s\u00e9rieux.<\/p>\n<p>Nous recommandons cette soci\u00e9t\u00e9 pour tous vos projets de machines sp\u00e9ciales et de robotisations.<\/p>\n<\/blockquote>\n<p>\n<\/div><div class=\"kc-elm kc-css-913035\" style=\"height: 20px; clear: both; width:100%;\"><\/div><div class=\"kc-elm kc-css-972539 kc_row kc_row_inner\"><div class=\"kc-elm kc-css-394105 kc_col-sm-4 kc_column_inner kc_col-sm-4\"><div class=\"kc_wrapper kc-col-inner-container\"><\/div><\/div><div class=\"kc-elm kc-css-337996 kc_col-sm-4 kc_column_inner kc_col-sm-4\"><div class=\"kc_wrapper kc-col-inner-container\"><\/div><\/div><div class=\"kc-elm kc-css-515990 kc_col-sm-4 kc_column_inner kc_col-sm-4\"><div class=\"kc_wrapper kc-col-inner-container\"><div class=\"kc-elm kc-css-372804 kc_text_block\"><\/p>\n<p>Par S\u00e9bastien Labaune<span style=\"font-style: inherit;\">,<\/span><\/p>\n<p><span style=\"font-style: inherit;\">Dirigeant<\/span><\/p>\n<p>\n<\/div><\/div><\/div><\/div><\/div><\/div><\/div><\/div><\/section>\n","protected":false},"excerpt":{"rendered":"","protected":false},"author":2,"featured_media":1229,"parent":0,"menu_order":0,"comment_status":"closed","ping_status":"closed","template":"tpl-king_composer.php","meta":{"_exactmetrics_skip_tracking":false,"_exactmetrics_sitenote_active":false,"_exactmetrics_sitenote_note":"","_exactmetrics_sitenote_category":0,"footnotes":""},"_links":{"self":[{"href":"https:\/\/a2mi-49.fr\/index.php?rest_route=\/wp\/v2\/pages\/1226"}],"collection":[{"href":"https:\/\/a2mi-49.fr\/index.php?rest_route=\/wp\/v2\/pages"}],"about":[{"href":"https:\/\/a2mi-49.fr\/index.php?rest_route=\/wp\/v2\/types\/page"}],"author":[{"embeddable":true,"href":"https:\/\/a2mi-49.fr\/index.php?rest_route=\/wp\/v2\/users\/2"}],"replies":[{"embeddable":true,"href":"https:\/\/a2mi-49.fr\/index.php?rest_route=%2Fwp%2Fv2%2Fcomments&post=1226"}],"version-history":[{"count":6,"href":"https:\/\/a2mi-49.fr\/index.php?rest_route=\/wp\/v2\/pages\/1226\/revisions"}],"predecessor-version":[{"id":1302,"href":"https:\/\/a2mi-49.fr\/index.php?rest_route=\/wp\/v2\/pages\/1226\/revisions\/1302"}],"wp:featuredmedia":[{"embeddable":true,"href":"https:\/\/a2mi-49.fr\/index.php?rest_route=\/wp\/v2\/media\/1229"}],"wp:attachment":[{"href":"https:\/\/a2mi-49.fr\/index.php?rest_route=%2Fwp%2Fv2%2Fmedia&parent=1226"}],"curies":[{"name":"wp","href":"https:\/\/api.w.org\/{rel}","templated":true}]}}