{"id":1202,"date":"2019-05-22T14:30:31","date_gmt":"2019-05-22T14:30:31","guid":{"rendered":"https:\/\/a2mi-49.fr\/?page_id=1202"},"modified":"2019-05-23T14:14:32","modified_gmt":"2019-05-23T14:14:32","slug":"aric","status":"publish","type":"page","link":"https:\/\/a2mi-49.fr\/?page_id=1202","title":{"rendered":"ARIC"},"content":{"rendered":"<section class=\"kc-elm kc-css-492191 kc_row\"><div class=\"kc-row-container  kc-container\"><div class=\"kc-wrap-columns\"><div class=\"kc-elm kc-css-82911 kc_column kc_col-sm-12\"><div class=\"kc-col-container\"><div class=\"kc-elm kc-css-204960\" style=\"height: 20px; clear: both; width:100%;\"><\/div><div class=\"kc-elm kc-css-83453 kc_shortcode kc_single_image\">\n\n        <img decoding=\"async\" src=\"https:\/\/a2mi-49.fr\/wp-content\/uploads\/2019\/05\/Logo-Aric-eclairage.jpg\" class=\"\" alt=\"\" \/>    <\/div>\n<div class=\"kc-elm kc-css-563429\" style=\"height: 20px; clear: both; width:100%;\"><\/div><div class=\"kc-elm kc-css-259603 kc_text_block\"><\/p>\n<h2>ARIC nous fait confiance dans ses projets :\u00a0<\/h2>\n<p>\n<\/div><div class=\"kc-elm kc-css-427057 kc_text_block\"><\/p>\n<blockquote>\n<p>La St\u00e9 A2Mi a collabor\u00e9 avec la st\u00e9 ARIC sur deux projets, int\u00e9grant de la robotique, une cha\u00eene d&#039;assemblage et d&#039;emballage automatique de lampes \u00e0 Leds, et une cellule de d\u00e9pose de colle automatis\u00e9e, multi formats et multi appareils.<br \/>Nous avons appr\u00e9ci\u00e9 la ma\u00eetrise de la planification et de la gestion de ces projets, et \u00e9galement la qualit\u00e9 et la pertinence des solutions propos\u00e9es.<br \/>Les budgets \u00e9taient \u00e9galement comp\u00e9titifs au regard de la prestation apport\u00e9e.<br \/>La St\u00e9 A2Mi fait partie du cercle de prestataires que je n&#039;h\u00e9site pas \u00e0 recommander.\u00a0<\/p>\n<\/blockquote>\n<p>\n<\/div><div class=\"kc-elm kc-css-313918\" style=\"height: 20px; clear: both; width:100%;\"><\/div><div class=\"kc-elm kc-css-549578 kc_row kc_row_inner\"><div class=\"kc-elm kc-css-540303 kc_col-sm-4 kc_column_inner kc_col-sm-4\"><div class=\"kc_wrapper kc-col-inner-container\"><\/div><\/div><div class=\"kc-elm kc-css-675096 kc_col-sm-4 kc_column_inner kc_col-sm-4\"><div class=\"kc_wrapper kc-col-inner-container\"><\/div><\/div><div class=\"kc-elm kc-css-758478 kc_col-sm-4 kc_column_inner kc_col-sm-4\"><div class=\"kc_wrapper kc-col-inner-container\"><div class=\"kc-elm kc-css-663549 kc_text_block\"><\/p>\n<p>Le Service <span style=\"font-style: inherit;\">d\u00e9veloppement produit ARIC<\/span><\/p>\n<p>\n<\/div><\/div><\/div><\/div><\/div><\/div><\/div><\/div><\/section>\n","protected":false},"excerpt":{"rendered":"","protected":false},"author":1,"featured_media":0,"parent":0,"menu_order":0,"comment_status":"closed","ping_status":"closed","template":"tpl-king_composer.php","meta":{"_exactmetrics_skip_tracking":false,"_exactmetrics_sitenote_active":false,"_exactmetrics_sitenote_note":"","_exactmetrics_sitenote_category":0,"footnotes":""},"_links":{"self":[{"href":"https:\/\/a2mi-49.fr\/index.php?rest_route=\/wp\/v2\/pages\/1202"}],"collection":[{"href":"https:\/\/a2mi-49.fr\/index.php?rest_route=\/wp\/v2\/pages"}],"about":[{"href":"https:\/\/a2mi-49.fr\/index.php?rest_route=\/wp\/v2\/types\/page"}],"author":[{"embeddable":true,"href":"https:\/\/a2mi-49.fr\/index.php?rest_route=\/wp\/v2\/users\/1"}],"replies":[{"embeddable":true,"href":"https:\/\/a2mi-49.fr\/index.php?rest_route=%2Fwp%2Fv2%2Fcomments&post=1202"}],"version-history":[{"count":13,"href":"https:\/\/a2mi-49.fr\/index.php?rest_route=\/wp\/v2\/pages\/1202\/revisions"}],"predecessor-version":[{"id":1783,"href":"https:\/\/a2mi-49.fr\/index.php?rest_route=\/wp\/v2\/pages\/1202\/revisions\/1783"}],"wp:attachment":[{"href":"https:\/\/a2mi-49.fr\/index.php?rest_route=%2Fwp%2Fv2%2Fmedia&parent=1202"}],"curies":[{"name":"wp","href":"https:\/\/api.w.org\/{rel}","templated":true}]}}